{"id":307,"date":"2021-01-26T18:47:06","date_gmt":"2021-01-26T17:47:06","guid":{"rendered":"http:\/\/www.schei.no\/?page_id=307"},"modified":"2024-03-25T16:08:12","modified_gmt":"2024-03-25T15:08:12","slug":"arkitektur","status":"publish","type":"page","link":"https:\/\/www.schei.no\/wordpress\/arkitektur\/","title":{"rendered":"Arkitektur"},"content":{"rendered":"\nngg_shortcode_0_placeholder\n\n\n\n<p>Klikk p\u00e5 bilde for st\u00f8rre format.<\/p>\n\n\n\n<p>Sivilarkitekt  Arne Schei har arbeidet med prosjekter innenfor helse, undervisning og bolig.<\/p>\n\n\n\n<p>AS har hatt arkitektansvar for en rekke prosjekter innenfor helsesektoren i Hedmark. Bl.a. sykehjem, apotek, intensivavdeling, r\u00f8ntgen, poliklinikk mm.<\/p>\n\n\n\n<p>AS har ogs\u00e5 god kompetanse i \u00f8konomiske analyser som n\u00e5verdiberegninger og alternativvurderinger.<\/p>\n\n\n\n<p>AS arbeidet som arkitekt og prosjektleder i Hedmark fylkeskommune &nbsp;1978 &#8211; 1995. Som Eiendomssjef 1995 &#8211; 2015. AS har derfor bred erfaring fra alle sider av byggeprosesser og forvaltning av eiendom.<\/p>\n","protected":false},"excerpt":{"rendered":"<p>Klikk p\u00e5 bilde for st\u00f8rre format. Sivilarkitekt Arne Schei har arbeidet med prosjekter innenfor helse, undervisning og bolig. AS har hatt arkitektansvar for en rekke prosjekter innenfor helsesektoren i Hedmark. Bl.a. sykehjem, apotek, intensivavdeling, r\u00f8ntgen, poliklinikk mm. AS har ogs\u00e5 god kompetanse i \u00f8konomiske analyser som n\u00e5verdiberegninger og alternativvurderinger. AS arbeidet som arkitekt og prosjektleder &hellip; <\/p>\n<p class=\"link-more\"><a href=\"https:\/\/www.schei.no\/wordpress\/arkitektur\/\" class=\"more-link\">Fortsett \u00e5 lese<span class=\"screen-reader-text\"> \u00abArkitektur\u00bb<\/span><\/a><\/p>\n","protected":false},"author":1,"featured_media":0,"parent":0,"menu_order":0,"comment_status":"closed","ping_status":"closed","template":"","meta":{"ngg_post_thumbnail":0,"footnotes":""},"class_list":["post-307","page","type-page","status-publish","hentry"],"_links":{"self":[{"href":"https:\/\/www.schei.no\/wordpress\/wp-json\/wp\/v2\/pages\/307","targetHints":{"allow":["GET"]}}],"collection":[{"href":"https:\/\/www.schei.no\/wordpress\/wp-json\/wp\/v2\/pages"}],"about":[{"href":"https:\/\/www.schei.no\/wordpress\/wp-json\/wp\/v2\/types\/page"}],"author":[{"embeddable":true,"href":"https:\/\/www.schei.no\/wordpress\/wp-json\/wp\/v2\/users\/1"}],"replies":[{"embeddable":true,"href":"https:\/\/www.schei.no\/wordpress\/wp-json\/wp\/v2\/comments?post=307"}],"version-history":[{"count":12,"href":"https:\/\/www.schei.no\/wordpress\/wp-json\/wp\/v2\/pages\/307\/revisions"}],"predecessor-version":[{"id":470,"href":"https:\/\/www.schei.no\/wordpress\/wp-json\/wp\/v2\/pages\/307\/revisions\/470"}],"wp:attachment":[{"href":"https:\/\/www.schei.no\/wordpress\/wp-json\/wp\/v2\/media?parent=307"}],"curies":[{"name":"wp","href":"https:\/\/api.w.org\/{rel}","templated":true}]}}