{"id":30,"date":"2016-04-12T01:19:31","date_gmt":"2016-04-11T23:19:31","guid":{"rendered":"http:\/\/www.schei.no\/?page_id=30"},"modified":"2021-01-27T15:32:17","modified_gmt":"2021-01-27T14:32:17","slug":"asi-prosjektregnskap","status":"publish","type":"page","link":"https:\/\/www.schei.no\/wordpress\/asi-prosjektregnskap\/","title":{"rendered":"ASi &#8211; Prosjektregnskap"},"content":{"rendered":"<p align=\"left\"><span style=\"font-family: Arial; font-size: small;\">Ny versjon 2.0 av programmet er n\u00e5 klar! Les om alle endringene som er gjort <a href=\"https:\/\/www.schei.no\/wordpress\/wordpress\/asi-prosjektregnskap-oppgraderinger\/\">her<\/a>!<\/span><\/p>\n<hr>\n<p align=\"left\"><span style=\"font-family: Arial; font-size: small;\"><span class=\"DefaultParagraphFont\">Programmet er et f\u00f8rsteklasses verkt\u00f8y for offentlige virksomheter, prosjektledere, byggeledere og arkitekter som f\u00f8rer prosjektregnskap for flere prosjekter og \u00f8nsker full oversikt over alle sider av prosjektet!<\/span><\/span><\/p>\n<p align=\"center\"><a href=\"https:\/\/www.schei.no\/wordpress\/wordpress\/wp-content\/uploads\/2016\/04\/Browbudsjett.gif\" rel=\"attachment wp-att-31\"><img loading=\"lazy\" decoding=\"async\" class=\"aligncenter wp-image-31\" src=\"https:\/\/www.schei.no\/wordpress\/wordpress\/wp-content\/uploads\/2016\/04\/Browbudsjett-300x192.gif\" alt=\"Browbudsjett\" width=\"448\" height=\"287\" srcset=\"https:\/\/www.schei.no\/wordpress\/wp-content\/uploads\/2016\/04\/Browbudsjett-300x192.gif 300w, https:\/\/www.schei.no\/wordpress\/wp-content\/uploads\/2016\/04\/Browbudsjett-768x492.gif 768w\" sizes=\"auto, (max-width: 448px) 100vw, 448px\" \/><\/a><\/p>\n<p align=\"center\"><span style=\"font-family: Arial; font-size: small;\">Programmet har en oppbygning med funksjoner i logisk rekkef\u00f8lge fra venstre mot h\u00f8yre.<\/span><\/p>\n<p align=\"left\"><span style=\"font-family: Arial; font-size: small;\"><span class=\"DefaultParagraphFont\">Programmet har funksjoner for:<\/span><\/span><\/p>\n<ul>\n<li>\n<p class=\"Heading5\"><span style=\"font-family: Arial; font-size: small;\"><span class=\"DefaultParagraphFont\">Faste data om oppdrag og prosjekt. Denne tabellen er felles for alle bygg-relaterte programmer fra <\/span><span class=\"DefaultParagraphFont\"><b>AS<span style=\"color: #ff0000;\">i<\/span><\/b><\/span><span class=\"DefaultParagraphFont\">.<\/span><\/span><\/p>\n<\/li>\n<li>\n<p class=\"Heading5\"><span style=\"font-family: Arial; font-size: small;\"><a href=\"\/bygg\/prosjektregnskap\/prosjekt.htm\">Prosjekt<\/a>. Fra dette bildet har en full oversikt over alle funksjoner i programmet p\u00e5 <b>prosjektniv\u00e5<\/b>.&nbsp;<\/span><\/p>\n<\/li>\n<li><span style=\"font-family: Arial; font-size: small;\"><a href=\"\/bygg\/prosjektregnskap\/budsjett.htm\"><span class=\"DefaultParagraphFont\">Budsjett<\/span><\/a> <span class=\"DefaultParagraphFont\">knyttet til NS3453 eller fri kontoplan Samtidig kan alle konti refereres til en konto i KOSTRA. Det angis til hver konto om det skal beregnes avgifter av denne. Dersom kontoplan for KOSTRA benyttes vil posteringene skje inkludert MVA. Fra dette bildet har en full oversikt over alle funksjoner i programmet knyttet til <\/span><span class=\"DefaultParagraphFont\"><b>budsjettkontoniv\u00e5<\/b><\/span><span class=\"DefaultParagraphFont\">.&nbsp;<\/span><\/span><\/li>\n<li><a href=\"\/bygg\/prosjektregnskap\/gruppeutvalg.htm\"><span class=\"DefaultParagraphFont\"><span style=\"font-family: Arial; font-size: small;\">Grupper\/Utvalg<\/span><\/span><\/a><span class=\"DefaultParagraphFont\"><span style=\"font-family: Arial; font-size: small;\">&nbsp;knyttet til prosjektet. Fra bildet kan en sende E-mail til enkeltdeltagere eller hele gruppen.<\/span><\/span><\/li>\n<li><a href=\"\/bygg\/prosjektregnskap\/finansiering.htm\"><span class=\"DefaultParagraphFont\"><span style=\"font-family: Arial; font-size: small;\">Finansiering\/Framdrift<\/span><\/span><\/a><span class=\"DefaultParagraphFont\"><span style=\"font-family: Arial; font-size: small;\">. Registrer finansieringsplanen og milep\u00e6lene i framdriftsplanen.<\/span><\/span><\/li>\n<li>\n<p class=\"Heading5\"><span style=\"font-family: Arial; font-size: small;\"><a href=\"\/bygg\/prosjektregnskap\/kontrakt.htm\"><span class=\"DefaultParagraphFont\">Kontrakter<\/span><\/a><span class=\"DefaultParagraphFont\"> med fakturert til hver kontrakt.<\/span><\/span><\/p>\n<\/li>\n<li><span style=\"font-family: Arial; font-size: small;\"><a href=\"\/bygg\/prosjektregnskap\/kontraktpart.htm\"><span class=\"DefaultParagraphFont\">Kontraktsparter<\/span><\/a><span class=\"DefaultParagraphFont\"> med oversikt over alle kontrakter og fakturert for hver kontraktspart.<\/span><\/span><\/li>\n<li>\n<p class=\"Heading5\"><span style=\"font-family: Arial; font-size: small;\"><a href=\"\/bygg\/prosjektregnskap\/forventet.htm\"><span class=\"DefaultParagraphFont\">Forventede endringer<\/span><\/a><span class=\"DefaultParagraphFont\"> kan enten h\u00e5ndteres manuelt for hver budsjettkonto eller automatisk i forhold til <\/span><span class=\"DefaultParagraphFont\">Disponert<\/span><span class=\"DefaultParagraphFont\">.<\/span><\/span><\/p>\n<\/li>\n<li>\n<p class=\"Heading5\"><a href=\"\/bygg\/prosjektregnskap\/faktura.htm\"><span class=\"DefaultParagraphFont\"><span style=\"font-family: Arial; font-size: small;\">Fakturert<\/span><\/span><\/a> <span class=\"DefaultParagraphFont\"><span style=\"font-family: Arial; font-size: small;\">for hele prosjektet, en kontraktspart eller en kontrakt.<\/span><\/span><\/p>\n<\/li>\n<li>\n<p class=\"Heading5\"><a href=\"\/bygg\/prosjektregnskap\/endringer.htm\"><span class=\"DefaultParagraphFont\"><span style=\"font-family: Arial; font-size: small;\">Endringsskjemaer<\/span><\/span><\/a> <span class=\"DefaultParagraphFont\"><span style=\"font-family: Arial; font-size: small;\">som viser endringer knyttet til forventet\/kontrakt og utsteder.<\/span><\/span><\/p>\n<\/li>\n<li>\n<p class=\"Heading5\"><span style=\"font-family: Arial; font-size: small;\"><span class=\"DefaultParagraphFont\">budsjettpost.<\/span><\/span><\/p>\n<\/li>\n<li>\n<p class=\"Heading5\"><span class=\"DefaultParagraphFont\"><span style=\"font-family: Arial; font-size: small;\">Automatisk avstemming av reserveposten slik at prosjektregnskapets status er uten avvik s\u00e5 langt det er mulig.<\/span><\/span><\/p>\n<\/li>\n<\/ul>\n<p><span style=\"font-family: Arial; font-size: small;\"><span class=\"DefaultParagraphFont\">Ved \u00e5 benytte farger f\u00e5r en straks oversikt over prosjekter som har avvik fra budsjett, kontrakter eller disponert.<\/span><\/span><\/p>\n<table width=\"393\">\n<tbody>\n<tr>\n<td rowspan=\"4\" width=\"139\">Priser for ASi &#8211; Prosjektregnskap:<\/td>\n<td width=\"168\">Antall installasjoner<\/td>\n<td style=\"text-align: center;\" width=\"86\">Lisens per \u00e5r<\/td>\n<\/tr>\n<tr>\n<td width=\"168\">1. installasjon<\/td>\n<td style=\"text-align: center;\" width=\"86\">kr. &nbsp; &nbsp;5.500,-<\/td>\n<\/tr>\n<tr>\n<td width=\"168\">2. og 3 installasjon<\/td>\n<td style=\"text-align: center;\" width=\"86\">kr. &nbsp; &nbsp;5.000,-<\/td>\n<\/tr>\n<tr>\n<td width=\"168\">utover 3 installasjoner<\/td>\n<td style=\"text-align: center;\" width=\"86\">kr. &nbsp; &nbsp; &nbsp;2.500,-<\/td>\n<\/tr>\n<tr>\n<td colspan=\"3\" width=\"393\">Alle priser er eks. MVA.<\/td>\n<\/tr>\n<\/tbody>\n<\/table>\n<p align=\"left\"><span style=\"font-family: Arial; font-size: small;\">Prisen gjelder per installasjon p\u00e5 en server innenfor en juridisk enhet. <b>Obs! Fritt antall brukere for hver installasjon.<\/b><\/span><\/p>\n<p>Vedlikeholdsavgiften reguleres \u00e5rlig etter konsumprisindeksen.<\/p>\n<p align=\"left\"><span style=\"font-family: Arial; font-size: small;\">Prisene kan endres uten forutg\u00e5ende varsel!<\/span><\/p>\n<p><span class=\"DefaultParagraphFont\"><b><span style=\"font-family: Arial; font-size: medium;\"><a href=\"\/bygg\/prosjektregnskap\/referanser.htm\">Referanseliste<\/a><\/span><\/b><\/span><\/p>\n<p><span class=\"DefaultParagraphFont\"><b><span style=\"font-family: Arial; font-size: medium;\"><a href=\"\/bygg\/prosjektregnskap\/regskjema.htm\">Bestill programmet<\/a><\/span><\/b><\/span><\/p>\n<p><b><span class=\"DefaultParagraphFont\"><span style=\"font-family: Arial; font-size: medium;\"><a href=\"\/bygg\/prosjektregnskap\/download1.htm\">Evalueringsversjon<\/a><\/span><\/span><\/b><br \/>\n<span style=\"font-family: Arial; font-size: small;\"><span class=\"DefaultParagraphFont\"><br \/>\nLast ned en full evalueringsversjon av programmet her. Den eneste begrensningen i evalueringsversjonen er at det kun kan registreres 2 kontrakter per prosjekt.<\/span><\/span><\/p>\n","protected":false},"excerpt":{"rendered":"<p>Ny versjon 2.0 av programmet er n\u00e5 klar! Les om alle endringene som er gjort her! Programmet er et f\u00f8rsteklasses verkt\u00f8y for offentlige virksomheter, prosjektledere, byggeledere og arkitekter som f\u00f8rer prosjektregnskap for flere prosjekter og \u00f8nsker full oversikt over alle sider av prosjektet! Programmet har en oppbygning med funksjoner i logisk rekkef\u00f8lge fra venstre mot &hellip; <\/p>\n<p class=\"link-more\"><a href=\"https:\/\/www.schei.no\/wordpress\/asi-prosjektregnskap\/\" class=\"more-link\">Fortsett \u00e5 lese<span class=\"screen-reader-text\"> \u00abASi &#8211; Prosjektregnskap\u00bb<\/span><\/a><\/p>\n","protected":false},"author":1,"featured_media":0,"parent":0,"menu_order":0,"comment_status":"closed","ping_status":"closed","template":"","meta":{"ngg_post_thumbnail":0,"footnotes":""},"class_list":["post-30","page","type-page","status-publish","hentry"],"_links":{"self":[{"href":"https:\/\/www.schei.no\/wordpress\/wp-json\/wp\/v2\/pages\/30","targetHints":{"allow":["GET"]}}],"collection":[{"href":"https:\/\/www.schei.no\/wordpress\/wp-json\/wp\/v2\/pages"}],"about":[{"href":"https:\/\/www.schei.no\/wordpress\/wp-json\/wp\/v2\/types\/page"}],"author":[{"embeddable":true,"href":"https:\/\/www.schei.no\/wordpress\/wp-json\/wp\/v2\/users\/1"}],"replies":[{"embeddable":true,"href":"https:\/\/www.schei.no\/wordpress\/wp-json\/wp\/v2\/comments?post=30"}],"version-history":[{"count":14,"href":"https:\/\/www.schei.no\/wordpress\/wp-json\/wp\/v2\/pages\/30\/revisions"}],"predecessor-version":[{"id":367,"href":"https:\/\/www.schei.no\/wordpress\/wp-json\/wp\/v2\/pages\/30\/revisions\/367"}],"wp:attachment":[{"href":"https:\/\/www.schei.no\/wordpress\/wp-json\/wp\/v2\/media?parent=30"}],"curies":[{"name":"wp","href":"https:\/\/api.w.org\/{rel}","templated":true}]}}