{"id":16,"date":"2016-04-11T18:05:08","date_gmt":"2016-04-11T16:05:08","guid":{"rendered":"http:\/\/www.schei.no\/wordpress\/?page_id=16"},"modified":"2021-01-27T15:36:33","modified_gmt":"2021-01-27T14:36:33","slug":"asi-kasseregnskap","status":"publish","type":"page","link":"https:\/\/www.schei.no\/wordpress\/asi-kasseregnskap\/","title":{"rendered":"ASi &#8211; Kasseregnskap"},"content":{"rendered":"<table border=\"0\" width=\"100%\" cellspacing=\"0\" cellpadding=\"0\">\n<tbody>\n<tr>\n<td valign=\"top\">\n<p align=\"center\"><b><\/b><img loading=\"lazy\" decoding=\"async\" src=\"http:\/\/schei.no\/regnskap\/images\/Kassabok.gif\" alt=\"\" width=\"738\" height=\"433\" border=\"0\"><\/p>\n<p align=\"left\">Kasseregnskap er et program for \u00e5 f\u00f8re regnskap over kontantkassen i en virksomhet. Det kan defineres inntil 52 perioder, der regnskapet avsluttes og posteringene for perioden f\u00f8res inn i hovedregnskapet.<\/p>\n<p>Det kan skrives ut en anvisningsrapport for perioden. N\u00e5r perioden er avsluttet, kan det ikke gj\u00f8res endringer for hver periode.<\/td>\n<\/tr>\n<\/tbody>\n<\/table>\n","protected":false},"excerpt":{"rendered":"<p>Kasseregnskap er et program for \u00e5 f\u00f8re regnskap over kontantkassen i en virksomhet. Det kan defineres inntil 52 perioder, der regnskapet avsluttes og posteringene for perioden f\u00f8res inn i hovedregnskapet. Det kan skrives ut en anvisningsrapport for perioden. N\u00e5r perioden er avsluttet, kan det ikke gj\u00f8res endringer for hver periode.<\/p>\n","protected":false},"author":1,"featured_media":0,"parent":0,"menu_order":0,"comment_status":"closed","ping_status":"closed","template":"","meta":{"ngg_post_thumbnail":0,"footnotes":""},"class_list":["post-16","page","type-page","status-publish","hentry"],"_links":{"self":[{"href":"https:\/\/www.schei.no\/wordpress\/wp-json\/wp\/v2\/pages\/16","targetHints":{"allow":["GET"]}}],"collection":[{"href":"https:\/\/www.schei.no\/wordpress\/wp-json\/wp\/v2\/pages"}],"about":[{"href":"https:\/\/www.schei.no\/wordpress\/wp-json\/wp\/v2\/types\/page"}],"author":[{"embeddable":true,"href":"https:\/\/www.schei.no\/wordpress\/wp-json\/wp\/v2\/users\/1"}],"replies":[{"embeddable":true,"href":"https:\/\/www.schei.no\/wordpress\/wp-json\/wp\/v2\/comments?post=16"}],"version-history":[{"count":6,"href":"https:\/\/www.schei.no\/wordpress\/wp-json\/wp\/v2\/pages\/16\/revisions"}],"predecessor-version":[{"id":369,"href":"https:\/\/www.schei.no\/wordpress\/wp-json\/wp\/v2\/pages\/16\/revisions\/369"}],"wp:attachment":[{"href":"https:\/\/www.schei.no\/wordpress\/wp-json\/wp\/v2\/media?parent=16"}],"curies":[{"name":"wp","href":"https:\/\/api.w.org\/{rel}","templated":true}]}}